{"id":5328,"date":"2025-03-06T15:50:12","date_gmt":"2025-03-06T14:50:13","guid":{"rendered":"https:\/\/www.forkliftfox.sk\/?post_type=product&#038;p=5328"},"modified":"2025-06-16T11:39:47","modified_gmt":"2025-06-16T09:39:47","slug":"forkliftfox-kezi-elektromos-raklapemelo-es-15k-15t-25m-kopia","status":"publish","type":"product","link":"https:\/\/www.forkliftfox.sk\/hu\/produkt\/forkliftfox-kezi-elektromos-raklapemelo-es-15k-15t-25m-kopia\/","title":{"rendered":"ForkliftFox k\u00e9zi elektromos raklapemel\u0151 ES-15K 1,5T 2,5m"},"content":{"rendered":"<p data-sourcepos=\"5:1-5:65\">Az ForkliftFox ES-15K elektromos k\u00e9zi raklapemel\u0151 sz\u00e1mos el\u0151nyt k\u00edn\u00e1l! Ez a megb\u00edzhat\u00f3 \u00e9s hat\u00e9kony eszk\u00f6z ide\u00e1lis v\u00e1laszt\u00e1s neh\u00e9z \u00e1ruk mozgat\u00e1s\u00e1hoz. Az ES-15K ak\u00e1r 1500 kg-ot is k\u00e9pes emelni, \u00edgy biztos\u00edtva a hat\u00e9kony anyagmozgat\u00e1st a rakt\u00e1rban. A 2500 mm-es emel\u0151magass\u00e1g az elektromos motornak k\u00f6sz\u00f6nhet\u0151en k\u00f6nny\u0171 emel\u00e9st \u00e9s lerak\u00e1st tesz lehet\u0151v\u00e9. A 1150 mm-es villanyvilla hossz\u00fas\u00e1g lehet\u0151v\u00e9 teszi a szabv\u00e1nyos raklapok kezel\u00e9s\u00e9t, mik\u00f6zben az elektromos hajt\u00e1s k\u00e9nyelmes \u00e9s csendes m\u0171k\u00f6d\u00e9st biztos\u00edt. A teljes k\u00e9sz\u00fcl\u00e9k s\u00falya 510 kg. Az innovat\u00edv kialak\u00edt\u00e1s\u00e1nak \u00e9s nagy teljes\u00edtm\u00e9ny\u00e9nek k\u00f6sz\u00f6nhet\u0151en az ForkliftFox ES-15K elektromos targonca n\u00f6veli a rakt\u00e1r hat\u00e9konys\u00e1g\u00e1t \u00e9s kiv\u00e1l\u00f3 befektet\u00e9s minden v\u00e1llalkoz\u00e1s sz\u00e1m\u00e1ra.<\/p>\n<p data-sourcepos=\"5:1-5:65\">ForkliftFox: Anyagmozgat\u00e1s a legfels\u0151bb szinteken.<\/p>\n","protected":false},"excerpt":{"rendered":"<p>A ForkliftFox\u00a0 ES-15K k\u00e9zi elektromos raklapemel\u0151 1,5 tonna teherb\u00edr\u00e1s\u00fa, 115 cm hossz\u00fa \u00e9s saj\u00e1t t\u00f6mege 535 kg.Emel\u0151magass\u00e1ga 2,5 m\u00e9ter. A targonca 1500 kg-ot k\u00e9pes emelni, a vill\u00e1k hossza 1150 mm, k\u00e9zi vezet\u00e9s\u0171 \u00e9s poliuret\u00e1n kerekekkel van felszerelve.<\/p>\n","protected":false},"featured_media":5351,"template":"","meta":{"_acf_changed":false,"inline_featured_image":false},"product_brand":[],"product_cat":[402],"product_tag":[],"class_list":{"0":"post-5328","1":"product","2":"type-product","3":"status-publish","4":"has-post-thumbnail","6":"product_cat-kezi-mukodtetesu-elektromos-targoncak","7":"product_shipping_class-futarral-52-e","9":"first","10":"instock","11":"sale","12":"sold-individually","13":"taxable","14":"shipping-taxable","15":"purchasable","16":"product-type-simple"},"acf":[],"_links":{"self":[{"href":"https:\/\/www.forkliftfox.sk\/hu\/wp-json\/wp\/v2\/product\/5328","targetHints":{"allow":["GET"]}}],"collection":[{"href":"https:\/\/www.forkliftfox.sk\/hu\/wp-json\/wp\/v2\/product"}],"about":[{"href":"https:\/\/www.forkliftfox.sk\/hu\/wp-json\/wp\/v2\/types\/product"}],"wp:featuredmedia":[{"embeddable":true,"href":"https:\/\/www.forkliftfox.sk\/hu\/wp-json\/wp\/v2\/media\/5351"}],"wp:attachment":[{"href":"https:\/\/www.forkliftfox.sk\/hu\/wp-json\/wp\/v2\/media?parent=5328"}],"wp:term":[{"taxonomy":"product_brand","embeddable":true,"href":"https:\/\/www.forkliftfox.sk\/hu\/wp-json\/wp\/v2\/product_brand?post=5328"},{"taxonomy":"product_cat","embeddable":true,"href":"https:\/\/www.forkliftfox.sk\/hu\/wp-json\/wp\/v2\/product_cat?post=5328"},{"taxonomy":"product_tag","embeddable":true,"href":"https:\/\/www.forkliftfox.sk\/hu\/wp-json\/wp\/v2\/product_tag?post=5328"}],"curies":[{"name":"wp","href":"https:\/\/api.w.org\/{rel}","templated":true}]}}