{"id":5268,"date":"2023-11-01T16:27:53","date_gmt":"2023-11-01T15:27:53","guid":{"rendered":"https:\/\/www.forkliftfox.sk\/produkt\/forkliftfox-kezi-raklapemelo-ht2-2t\/"},"modified":"2023-11-01T16:27:53","modified_gmt":"2023-11-01T15:27:53","slug":"forkliftfox-kezi-raklapemelo-ht2-2t","status":"publish","type":"product","link":"https:\/\/www.forkliftfox.sk\/hu\/produkt\/forkliftfox-kezi-raklapemelo-ht2-2t\/","title":{"rendered":"ForkliftFox K\u00e9zi raklapemel\u0151 HT2 2T"},"content":{"rendered":"<p>A ForkliftFox k\u00e9zi magasemel\u0151 kiv\u00e1l\u00f3 v\u00e1laszt\u00e1s a k\u00f6nny\u0171 \u00e9s hat\u00e9kony rakom\u00e1nykezel\u00e9shez. A k\u00e9sz\u00fcl\u00e9k s\u00falya 230 kg, de ak\u00e1r 2 tonn\u00e1t is k\u00e9pes emelni, \u00edgy biztos\u00edtva a rugalmas anyagmozgat\u00e1st a rakt\u00e1rban. A k\u00e9sz\u00fcl\u00e9k k\u00e9zi mozgat\u00e1sra \u00e9s emel\u00e9sre k\u00e9sz\u00fclt. Az emel\u0151magass\u00e1g 1600 mm, ami megk\u00f6nny\u00edti a magasabb polcokra val\u00f3 emel\u00e9st. A 1150 mm-es villahossz a szabv\u00e1nyos raklapok kezel\u00e9s\u00e9re lett tervezve. Ez a k\u00e9zi targonca ide\u00e1lis v\u00e1laszt\u00e1s olyan k\u00f6rnyezetekbe, ahol a neh\u00e9z rakom\u00e1nyok k\u00fcl\u00f6nb\u00f6z\u0151 szinteken t\u00f6rt\u00e9n\u0151 mozgat\u00e1sa kritikus.<\/p>\n","protected":false},"excerpt":{"rendered":"<p>A ForkliftFox k\u00e9zi raklapemel\u0151 2 tonna teherb\u00edr\u00e1s\u00fa, 115 cm hossz\u00fa \u00e9s saj\u00e1t t\u00f6mege 230 kg. Emel\u0151magass\u00e1ga 1,6 m\u00e9ter. A targonca 2000 kg-ot k\u00e9pes emelni, a vill\u00e1k hossza 1150 mm, k\u00e9zi vezet\u00e9s\u0171 \u00e9s poliuret\u00e1n kerekekkel van felszerelve.<\/p>\n","protected":false},"featured_media":5259,"template":"","meta":{"_acf_changed":false,"inline_featured_image":false},"product_brand":[],"product_cat":[401],"product_tag":[],"class_list":{"0":"post-5268","1":"product","2":"type-product","3":"status-publish","4":"has-post-thumbnail","6":"product_cat-kezi-vezerlesu-targoncak","7":"product_shipping_class-futarral-30-e","9":"first","10":"instock","11":"taxable","12":"shipping-taxable","13":"purchasable","14":"product-type-simple"},"acf":[],"_links":{"self":[{"href":"https:\/\/www.forkliftfox.sk\/hu\/wp-json\/wp\/v2\/product\/5268","targetHints":{"allow":["GET"]}}],"collection":[{"href":"https:\/\/www.forkliftfox.sk\/hu\/wp-json\/wp\/v2\/product"}],"about":[{"href":"https:\/\/www.forkliftfox.sk\/hu\/wp-json\/wp\/v2\/types\/product"}],"wp:featuredmedia":[{"embeddable":true,"href":"https:\/\/www.forkliftfox.sk\/hu\/wp-json\/wp\/v2\/media\/5259"}],"wp:attachment":[{"href":"https:\/\/www.forkliftfox.sk\/hu\/wp-json\/wp\/v2\/media?parent=5268"}],"wp:term":[{"taxonomy":"product_brand","embeddable":true,"href":"https:\/\/www.forkliftfox.sk\/hu\/wp-json\/wp\/v2\/product_brand?post=5268"},{"taxonomy":"product_cat","embeddable":true,"href":"https:\/\/www.forkliftfox.sk\/hu\/wp-json\/wp\/v2\/product_cat?post=5268"},{"taxonomy":"product_tag","embeddable":true,"href":"https:\/\/www.forkliftfox.sk\/hu\/wp-json\/wp\/v2\/product_tag?post=5268"}],"curies":[{"name":"wp","href":"https:\/\/api.w.org\/{rel}","templated":true}]}}