{"id":5168,"date":"2023-11-10T16:29:06","date_gmt":"2023-11-10T15:29:06","guid":{"rendered":"https:\/\/www.forkliftfox.sk\/produkt\/forkliftfox-meros-beka-esp-2t\/"},"modified":"2023-11-10T16:29:06","modified_gmt":"2023-11-10T15:29:06","slug":"forkliftfox-meros-beka-esp-2t","status":"publish","type":"product","link":"https:\/\/www.forkliftfox.sk\/hu\/produkt\/forkliftfox-meros-beka-esp-2t\/","title":{"rendered":"ForkliftFox M\u00e9r\u0151s b\u00e9ka ESP 2T"},"content":{"rendered":"<p>Az ForkliftFox s\u00falym\u00e9r\u0151s targonca elektromos kijelz\u0151vel rendelkezik a s\u00faly pontos m\u00e9r\u00e9s\u00e9re. Kiv\u00e1l\u00f3an alkalmas a rakom\u00e1ny hat\u00e9kony mozgat\u00e1s\u00e1ra. A k\u00e9sz\u00fcl\u00e9k s\u00falya 85 kg, de teherb\u00edr\u00e1sa ak\u00e1r 2000 kg is lehet, ami megb\u00edzhat\u00f3 \u00e9s er\u0151teljes emel\u00e9st biztos\u00edt. Az 1150 mm-es villahossz lehet\u0151v\u00e9 teszi k\u00fcl\u00f6nb\u00f6z\u0151 m\u00e9ret\u0171 \u00e9s s\u00faly\u00fa t\u00e1rgyak kezel\u00e9s\u00e9t, az \u00e1ll\u00edthat\u00f3 elektromos kijelz\u0151vel pedig pontosan nyomon k\u00f6vethet\u0151 a terhel\u00e9s. Ez a targonca ide\u00e1lis v\u00e1laszt\u00e1s olyan k\u00f6rnyezetekbe, ahol a pontos s\u00falym\u00e9r\u00e9s \u00e9s a hat\u00e9kony munka kiemelten fontos.<\/p>\n","protected":false},"excerpt":{"rendered":"<p>ForkliftFox s\u00falym\u00e9r\u0151s targonca 2 tonna teherb\u00edr\u00e1s\u00fa, 115 cm hossz\u00fa \u00e9s saj\u00e1t t\u00f6mege 85 kg. Emel\u0151kapacit\u00e1sa 2000 kg, a vill\u00e1k hossza 1150 mm, k\u00e9zi vezet\u00e9s\u0171 \u00e9s poliuret\u00e1n kerekekkel van felszerelve.<\/p>\n","protected":false},"featured_media":5169,"template":"","meta":{"_acf_changed":false,"inline_featured_image":false},"product_brand":[],"product_cat":[403],"product_tag":[],"class_list":{"0":"post-5168","1":"product","2":"type-product","3":"status-publish","4":"has-post-thumbnail","6":"product_cat-merlegek","7":"product_shipping_class-futarral-30-e","9":"first","10":"instock","11":"taxable","12":"shipping-taxable","13":"purchasable","14":"product-type-simple"},"acf":[],"_links":{"self":[{"href":"https:\/\/www.forkliftfox.sk\/hu\/wp-json\/wp\/v2\/product\/5168","targetHints":{"allow":["GET"]}}],"collection":[{"href":"https:\/\/www.forkliftfox.sk\/hu\/wp-json\/wp\/v2\/product"}],"about":[{"href":"https:\/\/www.forkliftfox.sk\/hu\/wp-json\/wp\/v2\/types\/product"}],"wp:featuredmedia":[{"embeddable":true,"href":"https:\/\/www.forkliftfox.sk\/hu\/wp-json\/wp\/v2\/media\/5169"}],"wp:attachment":[{"href":"https:\/\/www.forkliftfox.sk\/hu\/wp-json\/wp\/v2\/media?parent=5168"}],"wp:term":[{"taxonomy":"product_brand","embeddable":true,"href":"https:\/\/www.forkliftfox.sk\/hu\/wp-json\/wp\/v2\/product_brand?post=5168"},{"taxonomy":"product_cat","embeddable":true,"href":"https:\/\/www.forkliftfox.sk\/hu\/wp-json\/wp\/v2\/product_cat?post=5168"},{"taxonomy":"product_tag","embeddable":true,"href":"https:\/\/www.forkliftfox.sk\/hu\/wp-json\/wp\/v2\/product_tag?post=5168"}],"curies":[{"name":"wp","href":"https:\/\/api.w.org\/{rel}","templated":true}]}}