{"id":5048,"date":"2023-11-10T17:34:22","date_gmt":"2023-11-10T16:34:22","guid":{"rendered":"https:\/\/www.forkliftfox.sk\/produkt\/forkliftfox-hidraulikus-emeloasztal-slc150-150kg\/"},"modified":"2023-11-10T17:34:22","modified_gmt":"2023-11-10T16:34:22","slug":"forkliftfox-hidraulikus-emeloasztal-slc150-150kg","status":"publish","type":"product","link":"https:\/\/www.forkliftfox.sk\/hu\/produkt\/forkliftfox-hidraulikus-emeloasztal-slc150-150kg\/","title":{"rendered":"ForkliftFox hidraulikus emel\u0151asztal SLC150 150kg"},"content":{"rendered":"<p>A ForkliftFox SLC150 emel\u0151asztal kiv\u00e1l\u00f3 v\u00e1laszt\u00e1s nagyobb t\u00e1rgyak emel\u00e9s\u00e9hez. Az asztal s\u00falya mind\u00f6ssze 70 kg, de rendk\u00edv\u00fcli teherb\u00edr\u00e1sa lehet\u0151v\u00e9 teszi ak\u00e1r 150 kg-os s\u00falyok emel\u00e9s\u00e9t is, \u00edgy hat\u00e9kony munkav\u00e9gz\u00e9st biztos\u00edt. Kompakt m\u00e9retei (70&#215;45 cm) megk\u00f6nny\u00edtik az asztal sz\u00e1ll\u00edt\u00e1s\u00e1t \u00e9s a k\u00edv\u00e1nt helyre val\u00f3 elhelyez\u00e9s\u00e9t. Az emel\u0151asztal magass\u00e1ga 720 mm. Ez az eszk\u00f6z ide\u00e1lis v\u00e1laszt\u00e1s olyan folyamatokhoz, ahol nehezebb t\u00e1rgyak emel\u00e9s\u00e9re, pozicion\u00e1l\u00e1s\u00e1ra vagy k\u00fcl\u00f6nb\u00f6z\u0151 szinteken t\u00f6rt\u00e9n\u0151 munkav\u00e9gz\u00e9sre van sz\u00fcks\u00e9g.<\/p>\n<p>ForkliftFox: Anyagmozgat\u00e1s a legfels\u0151bb szinteken.<\/p>\n","protected":false},"excerpt":{"rendered":"<p data-sourcepos=\"7:1-7:55\">A ForkliftFox emel\u0151asztala 150 kg teherb\u00edr\u00e1s\u00fa, 70&#215;45 cm-es m\u00e9ret\u0171, saj\u00e1t s\u00falya 70 kg. Emel\u0151magass\u00e1ga 720 mm, \u00e9s kiv\u00e1l\u00f3 v\u00e1laszt\u00e1s nehezebb t\u00e1rgyakkal val\u00f3 munk\u00e1hoz.<\/p>\n","protected":false},"featured_media":5471,"template":"","meta":{"_acf_changed":false,"inline_featured_image":false},"product_brand":[],"product_cat":[664,401],"product_tag":[],"class_list":{"0":"post-5048","1":"product","2":"type-product","3":"status-publish","4":"has-post-thumbnail","6":"product_cat-emeloasztalok","7":"product_cat-kezi-vezerlesu-targoncak","8":"product_shipping_class-futarral-30-e","10":"first","11":"instock","12":"sold-individually","13":"taxable","14":"shipping-taxable","15":"purchasable","16":"product-type-simple"},"acf":[],"_links":{"self":[{"href":"https:\/\/www.forkliftfox.sk\/hu\/wp-json\/wp\/v2\/product\/5048","targetHints":{"allow":["GET"]}}],"collection":[{"href":"https:\/\/www.forkliftfox.sk\/hu\/wp-json\/wp\/v2\/product"}],"about":[{"href":"https:\/\/www.forkliftfox.sk\/hu\/wp-json\/wp\/v2\/types\/product"}],"wp:featuredmedia":[{"embeddable":true,"href":"https:\/\/www.forkliftfox.sk\/hu\/wp-json\/wp\/v2\/media\/5471"}],"wp:attachment":[{"href":"https:\/\/www.forkliftfox.sk\/hu\/wp-json\/wp\/v2\/media?parent=5048"}],"wp:term":[{"taxonomy":"product_brand","embeddable":true,"href":"https:\/\/www.forkliftfox.sk\/hu\/wp-json\/wp\/v2\/product_brand?post=5048"},{"taxonomy":"product_cat","embeddable":true,"href":"https:\/\/www.forkliftfox.sk\/hu\/wp-json\/wp\/v2\/product_cat?post=5048"},{"taxonomy":"product_tag","embeddable":true,"href":"https:\/\/www.forkliftfox.sk\/hu\/wp-json\/wp\/v2\/product_tag?post=5048"}],"curies":[{"name":"wp","href":"https:\/\/api.w.org\/{rel}","templated":true}]}}