{"id":5039,"date":"2023-11-18T15:39:49","date_gmt":"2023-11-18T14:39:49","guid":{"rendered":"https:\/\/www.forkliftfox.sk\/produkt\/forkliftfox-hd20-elektromos-beka-2t\/"},"modified":"2023-11-18T15:39:49","modified_gmt":"2023-11-18T14:39:49","slug":"forkliftfox-hd20-elektromos-beka-2t","status":"publish","type":"product","link":"https:\/\/www.forkliftfox.sk\/hu\/produkt\/forkliftfox-hd20-elektromos-beka-2t\/","title":{"rendered":"ForkliftFox HD20 Elektromos b\u00e9ka 2T"},"content":{"rendered":"<p>A ForkliftFox HD20 elektromos b\u00e9ka sz\u00e1mos el\u0151nnyel rendelkezik! Ez a megb\u00edzhat\u00f3 \u00e9s hat\u00e9kony eszk\u00f6z ide\u00e1lis v\u00e1laszt\u00e1s neh\u00e9z \u00e1rukezel\u00e9shez. Az HD20 ak\u00e1r 2000 kg-ot is k\u00e9pes emelni, biztos\u00edtva ezzel az anyagok hat\u00e9kony mozgat\u00e1s\u00e1t a rakt\u00e1rban. 115 mm-es emel\u0151magass\u00e1ga megk\u00f6nny\u00edti a rakom\u00e1nyok felemel\u00e9st \u00e9s elhelyez\u00e9s\u00e9t. Az 1150 mm hossz\u00fa vill\u00e1k lehet\u0151v\u00e9 teszik a standard raklapokkal val\u00f3 munk\u00e1t, az elektromos meghajt\u00e1s pedig k\u00e9nyelmes \u00e9s csendes m\u0171k\u00f6d\u00e9st biztos\u00edt. A g\u00e9p teljes t\u00f6mege 155 kg. Innovat\u00edv kialak\u00edt\u00e1s\u00e1nak \u00e9s nagy teljes\u00edtm\u00e9ny\u00e9nek k\u00f6sz\u00f6nhet\u0151en a ForkliftFox HD20 elektromos b\u00e9ka n\u00f6veli a rakt\u00e1ri munka hat\u00e9konys\u00e1g\u00e1t \u00e9s kiv\u00e1l\u00f3 befektet\u00e9s a v\u00e1llalatok sz\u00e1m\u00e1ra.<\/p>\n<p>ForkliftFox: Anyagmozgat\u00e1s a legfels\u0151bb szinteken.<\/p>\n","protected":false},"excerpt":{"rendered":"<p>A ForkliftFox HD20 elektromos b\u00e9ka 2 tonn\u00e1s teherb\u00edr\u00e1s\u00fa, 120 centim\u00e9ter hossz\u00fa, saj\u00e1t t\u00f6mege 155 kg.Emel\u0151k\u00e9pess\u00e9ge 2000 kg, vill\u00e1i 1200 mm hossz\u00faak, k\u00e9zi vez\u00e9rl\u00e9s\u0171 modell \u00e9s poliuret\u00e1n kerekekkel van felszerelve.<\/p>\n","protected":false},"featured_media":5040,"template":"","meta":{"_acf_changed":false,"inline_featured_image":false},"product_brand":[],"product_cat":[399],"product_tag":[],"class_list":{"0":"post-5039","1":"product","2":"type-product","3":"status-publish","4":"has-post-thumbnail","6":"product_cat-elektromos-raklapemelok","7":"product_shipping_class-futarral-18-e","9":"first","10":"instock","11":"sold-individually","12":"taxable","13":"shipping-taxable","14":"purchasable","15":"product-type-simple"},"acf":[],"_links":{"self":[{"href":"https:\/\/www.forkliftfox.sk\/hu\/wp-json\/wp\/v2\/product\/5039","targetHints":{"allow":["GET"]}}],"collection":[{"href":"https:\/\/www.forkliftfox.sk\/hu\/wp-json\/wp\/v2\/product"}],"about":[{"href":"https:\/\/www.forkliftfox.sk\/hu\/wp-json\/wp\/v2\/types\/product"}],"wp:featuredmedia":[{"embeddable":true,"href":"https:\/\/www.forkliftfox.sk\/hu\/wp-json\/wp\/v2\/media\/5040"}],"wp:attachment":[{"href":"https:\/\/www.forkliftfox.sk\/hu\/wp-json\/wp\/v2\/media?parent=5039"}],"wp:term":[{"taxonomy":"product_brand","embeddable":true,"href":"https:\/\/www.forkliftfox.sk\/hu\/wp-json\/wp\/v2\/product_brand?post=5039"},{"taxonomy":"product_cat","embeddable":true,"href":"https:\/\/www.forkliftfox.sk\/hu\/wp-json\/wp\/v2\/product_cat?post=5039"},{"taxonomy":"product_tag","embeddable":true,"href":"https:\/\/www.forkliftfox.sk\/hu\/wp-json\/wp\/v2\/product_tag?post=5039"}],"curies":[{"name":"wp","href":"https:\/\/api.w.org\/{rel}","templated":true}]}}