{"id":5024,"date":"2023-11-18T16:26:42","date_gmt":"2023-11-18T15:26:42","guid":{"rendered":"https:\/\/www.forkliftfox.sk\/produkt\/forkliftfox-beka-hm7b-25t-150cm\/"},"modified":"2023-11-18T16:26:42","modified_gmt":"2023-11-18T15:26:42","slug":"forkliftfox-beka-hm7b-25t-150cm","status":"publish","type":"product","link":"https:\/\/www.forkliftfox.sk\/hu\/produkt\/forkliftfox-beka-hm7b-25t-150cm\/","title":{"rendered":"ForkliftFox b\u00e9ka HM7B 2,5T &#8211; 150cm"},"content":{"rendered":"<p>A ForkliftFox 2,5 tonn\u00e1s, 150 centim\u00e9ter hossz\u00fa raklapvilla hat\u00e9kony \u00e9s k\u00f6nnyen kezelhet\u0151 megold\u00e1s a rakt\u00e1ri \u00e1rukezel\u00e9shez. A maxim\u00e1lis 2 tonn\u00e1s teherb\u00edr\u00e1s\u00fa modell kiv\u00e1l\u00f3an alkalmas nehezebb rakom\u00e1nyok k\u00f6nny\u0171 mozgat\u00e1s\u00e1ra. A 60 kg saj\u00e1t t\u00f6meg\u0171 eszk\u00f6z k\u00fcl\u00f6n\u00f6sen k\u00f6nnyen ir\u00e1ny\u00edthat\u00f3, \u00e9s hosszabb konstrukci\u00f3ja lehet\u0151v\u00e9 teszi nagyobb raklapok \u00e9s egy\u00e9b berendez\u00e9sek mozgat\u00e1s\u00e1t. Poliuret\u00e1n kerekei hossz\u00fa \u00e9lettartam\u00fa, csendes \u00e9s sima mozg\u00e1st biztos\u00edtanak, ezzel n\u00f6velve a munka hat\u00e9konys\u00e1g\u00e1t. Az \u00faj raklapvilla tart\u00f3ss\u00e1got \u00e9s megb\u00edzhat\u00f3s\u00e1got garant\u00e1l a mindennapi haszn\u00e1lat sor\u00e1n. V\u00e1lassza a ForkliftFox megb\u00edzhat\u00f3s\u00e1g\u00e1t \u00e9s tegye g\u00f6rd\u00fcl\u00e9kenyebb\u00e9 rakt\u00e1ri folyamatait.<\/p>\n<p>ForkliftFox: Anyagmozgat\u00e1s a legfels\u0151bb szinteken.<\/p>\n","protected":false},"excerpt":{"rendered":"<p>A ForkliftFox 2,5 tonn\u00e1s, 150 centim\u00e9ter hossz\u00fa raklapvilla saj\u00e1t t\u00f6mege 60 kg, emel\u0151k\u00e9pess\u00e9ge 2500 kg, vill\u00e1i 1500 mm hossz\u00faak, k\u00e9zi vez\u00e9rl\u00e9s\u0171 modell \u00e9s poliuret\u00e1n kerekekkel van felszerelve.<\/p>\n","protected":false},"featured_media":5013,"template":"","meta":{"_acf_changed":false,"inline_featured_image":false},"product_brand":[],"product_cat":[400],"product_tag":[],"class_list":{"0":"post-5024","1":"product","2":"type-product","3":"status-publish","4":"has-post-thumbnail","6":"product_cat-raklapemelok","7":"product_shipping_class-futarral-30-e","9":"first","10":"instock","11":"taxable","12":"shipping-taxable","13":"purchasable","14":"product-type-simple"},"acf":[],"_links":{"self":[{"href":"https:\/\/www.forkliftfox.sk\/hu\/wp-json\/wp\/v2\/product\/5024","targetHints":{"allow":["GET"]}}],"collection":[{"href":"https:\/\/www.forkliftfox.sk\/hu\/wp-json\/wp\/v2\/product"}],"about":[{"href":"https:\/\/www.forkliftfox.sk\/hu\/wp-json\/wp\/v2\/types\/product"}],"wp:featuredmedia":[{"embeddable":true,"href":"https:\/\/www.forkliftfox.sk\/hu\/wp-json\/wp\/v2\/media\/5013"}],"wp:attachment":[{"href":"https:\/\/www.forkliftfox.sk\/hu\/wp-json\/wp\/v2\/media?parent=5024"}],"wp:term":[{"taxonomy":"product_brand","embeddable":true,"href":"https:\/\/www.forkliftfox.sk\/hu\/wp-json\/wp\/v2\/product_brand?post=5024"},{"taxonomy":"product_cat","embeddable":true,"href":"https:\/\/www.forkliftfox.sk\/hu\/wp-json\/wp\/v2\/product_cat?post=5024"},{"taxonomy":"product_tag","embeddable":true,"href":"https:\/\/www.forkliftfox.sk\/hu\/wp-json\/wp\/v2\/product_tag?post=5024"}],"curies":[{"name":"wp","href":"https:\/\/api.w.org\/{rel}","templated":true}]}}