{"id":5012,"date":"2023-11-18T16:28:21","date_gmt":"2023-11-18T15:28:21","guid":{"rendered":"https:\/\/www.forkliftfox.sk\/produkt\/forkliftfox-beka-hm6e-2t-120cm\/"},"modified":"2023-11-18T16:28:21","modified_gmt":"2023-11-18T15:28:21","slug":"forkliftfox-beka-hm6e-2t-120cm","status":"publish","type":"product","link":"https:\/\/www.forkliftfox.sk\/hu\/produkt\/forkliftfox-beka-hm6e-2t-120cm\/","title":{"rendered":"ForkliftFox b\u00e9ka HM6E 2T &#8211; 120cm"},"content":{"rendered":"<p>A ForkliftFox 2 tonn\u00e1s, 115 centim\u00e9teres raklapvilla egy praktikus \u00e9s k\u00f6nnyen kezelhet\u0151 eszk\u00f6z rakt\u00e1rakba. K\u00f6nnyed\u00e9n mozgathatsz vele ak\u00e1r 2 tonn\u00e1s s\u00falyokat is. Kicsi \u00e9s k\u00f6nny\u0171, \u00edgy sz\u0171k helyeken is j\u00f3l man\u0151verezhet\u0151. A poliuret\u00e1n kerekeknek k\u00f6sz\u00f6nhet\u0151en csendes \u00e9s sima a m\u0171k\u00f6d\u00e9se. Megb\u00edzhat\u00f3 t\u00e1rs a mindennapi munk\u00e1ban.<\/p>\n<p>V\u00e1laszd a ForkliftFox-ot \u00e9s k\u00f6nny\u00edtsd meg a munk\u00e1t a rakt\u00e1rban!<\/p>\n","protected":false},"excerpt":{"rendered":"<p>A ForkliftFox 2 tonn\u00e1s, 115 centim\u00e9teres raklapvilla saj\u00e1t t\u00f6mege 60 kg, emel\u0151k\u00e9pess\u00e9ge 2000 kg, vill\u00e1i 1150 mm hossz\u00faak, k\u00e9zi vez\u00e9rl\u00e9s\u0171 modell \u00e9s poliuret\u00e1n kerekekkel van felszerelve.<\/p>\n","protected":false},"featured_media":5013,"template":"","meta":{"_acf_changed":false,"inline_featured_image":false},"product_brand":[],"product_cat":[400],"product_tag":[],"class_list":{"0":"post-5012","1":"product","2":"type-product","3":"status-publish","4":"has-post-thumbnail","6":"product_cat-raklapemelok","7":"product_shipping_class-futarral-18-e","9":"first","10":"instock","11":"sale","12":"taxable","13":"shipping-taxable","14":"purchasable","15":"product-type-simple"},"acf":[],"_links":{"self":[{"href":"https:\/\/www.forkliftfox.sk\/hu\/wp-json\/wp\/v2\/product\/5012","targetHints":{"allow":["GET"]}}],"collection":[{"href":"https:\/\/www.forkliftfox.sk\/hu\/wp-json\/wp\/v2\/product"}],"about":[{"href":"https:\/\/www.forkliftfox.sk\/hu\/wp-json\/wp\/v2\/types\/product"}],"wp:featuredmedia":[{"embeddable":true,"href":"https:\/\/www.forkliftfox.sk\/hu\/wp-json\/wp\/v2\/media\/5013"}],"wp:attachment":[{"href":"https:\/\/www.forkliftfox.sk\/hu\/wp-json\/wp\/v2\/media?parent=5012"}],"wp:term":[{"taxonomy":"product_brand","embeddable":true,"href":"https:\/\/www.forkliftfox.sk\/hu\/wp-json\/wp\/v2\/product_brand?post=5012"},{"taxonomy":"product_cat","embeddable":true,"href":"https:\/\/www.forkliftfox.sk\/hu\/wp-json\/wp\/v2\/product_cat?post=5012"},{"taxonomy":"product_tag","embeddable":true,"href":"https:\/\/www.forkliftfox.sk\/hu\/wp-json\/wp\/v2\/product_tag?post=5012"}],"curies":[{"name":"wp","href":"https:\/\/api.w.org\/{rel}","templated":true}]}}