{"id":5007,"date":"2023-11-18T16:29:06","date_gmt":"2023-11-18T15:29:06","guid":{"rendered":"https:\/\/www.forkliftfox.sk\/produkt\/forkliftfox-beka-hm6b-2t-80cm\/"},"modified":"2023-11-18T16:29:06","modified_gmt":"2023-11-18T15:29:06","slug":"forkliftfox-beka-hm6b-2t-80cm","status":"publish","type":"product","link":"https:\/\/www.forkliftfox.sk\/hu\/produkt\/forkliftfox-beka-hm6b-2t-80cm\/","title":{"rendered":"ForkliftFox b\u00e9ka HM6B 2T &#8211; 80cm"},"content":{"rendered":"<p>A ForkliftFox 2 tonn\u00e1s, 80 centim\u00e9teres vill\u00e1s targonca hat\u00e9kony \u00e9s k\u00f6nnyen kezelhet\u0151 megold\u00e1s a rakt\u00e1ri \u00e1rukezel\u00e9shez. A maxim\u00e1lis 2 tonn\u00e1s teherb\u00edr\u00e1s\u00fa modell kiv\u00e1l\u00f3an alkalmas nehezebb rakom\u00e1nyok k\u00f6nny\u0171 mozgat\u00e1s\u00e1ra. Az 50 kg-os saj\u00e1t t\u00f6meg\u0171 eszk\u00f6z k\u00fcl\u00f6n\u00f6sen k\u00f6nnyen ir\u00e1ny\u00edthat\u00f3, r\u00f6vid kialak\u00edt\u00e1s\u00e1nak k\u00f6sz\u00f6nhet\u0151en pedig sz\u0171k helyeken is \u00fcgyesen man\u0151verezhet\u0151. Poliuret\u00e1n kerekei hossz\u00fa \u00e9lettartam\u00fa, csendes \u00e9s sima mozg\u00e1st biztos\u00edtanak, ezzel n\u00f6velve a munka hat\u00e9konys\u00e1g\u00e1t. Az \u00faj targonca tart\u00f3ss\u00e1got \u00e9s megb\u00edzhat\u00f3s\u00e1got garant\u00e1l a mindennapi haszn\u00e1lat sor\u00e1n. V\u00e1lassza a ForkliftFox megb\u00edzhat\u00f3s\u00e1g\u00e1t \u00e9s tegye g\u00f6rd\u00fcl\u00e9kenyebb\u00e9 rakt\u00e1ri folyamatait.<\/p>\n<p>ForkliftFox: A legmagasabb szint\u0171 anyagmozgat\u00e1s.<\/p>\n","protected":false},"excerpt":{"rendered":"<p>A ForkliftFox 2 tonn\u00e1s, 80 cm-es k\u00e9zi targonca 50 kg-os saj\u00e1t s\u00faly\u00e1val \u00e9s 800 mm hossz\u00fa vill\u00e1ival k\u00f6nnyed\u00e9n mozgat ak\u00e1r 2000 kg-os terheket is. A poliuret\u00e1n kerekeknek k\u00f6sz\u00f6nhet\u0151en csendes \u00e9s sima a m\u0171k\u00f6d\u00e9se.&#8221;<\/p>\n","protected":false},"featured_media":5008,"template":"","meta":{"_acf_changed":false,"inline_featured_image":false},"product_brand":[],"product_cat":[400],"product_tag":[],"class_list":{"0":"post-5007","1":"product","2":"type-product","3":"status-publish","4":"has-post-thumbnail","6":"product_cat-raklapemelok","7":"product_shipping_class-futarral-18-e","9":"first","10":"instock","11":"sale","12":"taxable","13":"shipping-taxable","14":"purchasable","15":"product-type-simple"},"acf":[],"_links":{"self":[{"href":"https:\/\/www.forkliftfox.sk\/hu\/wp-json\/wp\/v2\/product\/5007","targetHints":{"allow":["GET"]}}],"collection":[{"href":"https:\/\/www.forkliftfox.sk\/hu\/wp-json\/wp\/v2\/product"}],"about":[{"href":"https:\/\/www.forkliftfox.sk\/hu\/wp-json\/wp\/v2\/types\/product"}],"wp:featuredmedia":[{"embeddable":true,"href":"https:\/\/www.forkliftfox.sk\/hu\/wp-json\/wp\/v2\/media\/5008"}],"wp:attachment":[{"href":"https:\/\/www.forkliftfox.sk\/hu\/wp-json\/wp\/v2\/media?parent=5007"}],"wp:term":[{"taxonomy":"product_brand","embeddable":true,"href":"https:\/\/www.forkliftfox.sk\/hu\/wp-json\/wp\/v2\/product_brand?post=5007"},{"taxonomy":"product_cat","embeddable":true,"href":"https:\/\/www.forkliftfox.sk\/hu\/wp-json\/wp\/v2\/product_cat?post=5007"},{"taxonomy":"product_tag","embeddable":true,"href":"https:\/\/www.forkliftfox.sk\/hu\/wp-json\/wp\/v2\/product_tag?post=5007"}],"curies":[{"name":"wp","href":"https:\/\/api.w.org\/{rel}","templated":true}]}}