{"id":4803,"date":"2024-05-20T08:24:06","date_gmt":"2024-05-20T06:24:06","guid":{"rendered":"https:\/\/www.forkliftfox.sk\/produkt\/un-targonca-fb20-ynlz7\/"},"modified":"2024-09-29T11:34:07","modified_gmt":"2024-09-29T09:34:07","slug":"un-targonca-fb20-ynlz7","status":"publish","type":"product","link":"https:\/\/www.forkliftfox.sk\/hu\/produkt\/un-targonca-fb20-ynlz7\/","title":{"rendered":"UN targonca FB20-YNLZ7"},"content":{"rendered":"<p>Az UN FB20-YNLZ7 targonca saj\u00e1t t\u00f6mege 3950 kg, gy\u00e1rt\u00e1sa 2023-ban t\u00f6rt\u00e9nt. Elektromos hajt\u00e1s\u00fa, ami k\u00f6rnyezetbar\u00e1t v\u00e1laszt\u00e1s a bels\u0151 \u00e9g\u00e9s\u0171 motorokhoz k\u00e9pest. Emel\u00e9si magass\u00e1ga el\u00e9ri a 4800 mm-t, ami kiv\u00e1l\u00f3an alkalmas magas rakt\u00e1rakban t\u00f6rt\u00e9n\u0151 munkav\u00e9gz\u00e9sre. Ami az \u00e1llapot\u00e1t illeti, a targonca teljesen \u00faj; motorja \u00e9s emel\u0151szerkezete hib\u00e1tlanul m\u0171k\u00f6dik. Ez a modell ide\u00e1lis v\u00e1laszt\u00e1s lehet olyan t\u00e1rol\u00e1si \u00e9s kezel\u00e9si feladatokhoz, ahol kulcsfontoss\u00e1g\u00fa a megb\u00edzhat\u00f3s\u00e1g \u00e9s a hat\u00e9konys\u00e1g.<\/p>\n<p>ForkliftFox: Anyagkezel\u00e9s a legmagasabb szinten.<\/p>\n","protected":false},"excerpt":{"rendered":"<p>Az UN FB20-YNLZ7 targonca 2000 kg teherb\u00edr\u00e1s\u00e1val \u00e9s 3950 kg saj\u00e1t t\u00f6meg\u00e9vel kiv\u00e1l\u00f3 teljes\u00edtm\u00e9nyt biztos\u00edt a munkater\u00fcleten. Emel\u00e9si magass\u00e1g 4800 mm, villahossz 1070 mm, elektromos modell, vadonat\u00faj \u00e1llapotban.<\/p>\n","protected":false},"featured_media":2590,"template":"","meta":{"_acf_changed":false,"inline_featured_image":false},"product_brand":[],"product_cat":[397],"product_tag":[],"class_list":{"0":"post-4803","1":"product","2":"type-product","3":"status-publish","4":"has-post-thumbnail","6":"product_cat-targoncak","8":"first","9":"instock","10":"sold-individually","11":"taxable","12":"shipping-taxable","13":"purchasable","14":"product-type-simple"},"acf":[],"_links":{"self":[{"href":"https:\/\/www.forkliftfox.sk\/hu\/wp-json\/wp\/v2\/product\/4803","targetHints":{"allow":["GET"]}}],"collection":[{"href":"https:\/\/www.forkliftfox.sk\/hu\/wp-json\/wp\/v2\/product"}],"about":[{"href":"https:\/\/www.forkliftfox.sk\/hu\/wp-json\/wp\/v2\/types\/product"}],"wp:featuredmedia":[{"embeddable":true,"href":"https:\/\/www.forkliftfox.sk\/hu\/wp-json\/wp\/v2\/media\/2590"}],"wp:attachment":[{"href":"https:\/\/www.forkliftfox.sk\/hu\/wp-json\/wp\/v2\/media?parent=4803"}],"wp:term":[{"taxonomy":"product_brand","embeddable":true,"href":"https:\/\/www.forkliftfox.sk\/hu\/wp-json\/wp\/v2\/product_brand?post=4803"},{"taxonomy":"product_cat","embeddable":true,"href":"https:\/\/www.forkliftfox.sk\/hu\/wp-json\/wp\/v2\/product_cat?post=4803"},{"taxonomy":"product_tag","embeddable":true,"href":"https:\/\/www.forkliftfox.sk\/hu\/wp-json\/wp\/v2\/product_tag?post=4803"}],"curies":[{"name":"wp","href":"https:\/\/api.w.org\/{rel}","templated":true}]}}